{"id":1375,"date":"2021-01-24T18:25:46","date_gmt":"2021-01-24T15:25:46","guid":{"rendered":"https:\/\/casasurantalya.com\/site-haritasi\/"},"modified":"2021-01-24T18:26:01","modified_gmt":"2021-01-24T15:26:01","slug":"site-haritasi","status":"publish","type":"page","link":"https:\/\/casasurantalya.com\/tr\/site-haritasi\/","title":{"rendered":"Site Haritas\u0131"},"content":{"rendered":"\t\t<div data-elementor-type=\"wp-page\" data-elementor-id=\"1375\" class=\"elementor elementor-1375 elementor-849\" data-elementor-post-type=\"page\">\n\t\t\t\t\t\t<section class=\"elementor-section elementor-top-section elementor-element elementor-element-6074a63 elementor-section-boxed elementor-section-height-default elementor-section-height-default\" data-id=\"6074a63\" data-element_type=\"section\">\n\t\t\t\t\t\t<div class=\"elementor-container elementor-column-gap-wider\">\n\t\t\t\t\t<div class=\"elementor-column elementor-col-100 elementor-top-column elementor-element elementor-element-2a0ec17\" data-id=\"2a0ec17\" data-element_type=\"column\">\n\t\t\t<div class=\"elementor-widget-wrap elementor-element-populated\">\n\t\t\t\t\t\t<div class=\"elementor-element elementor-element-37e596f elementor-widget elementor-widget-sitemap\" data-id=\"37e596f\" data-element_type=\"widget\" data-widget_type=\"sitemap.default\">\n\t\t\t\t\t<div class=\"elementor-sitemap-wrap\"><div class=\"elementor-sitemap-section\"><h2 class=\"elementor-sitemap-title elementor-sitemap-page-title\">Pages<\/h2><ul class=\"elementor-sitemap-list elementor-sitemap-page-list\"><li class=\"elementor-sitemap-item elementor-sitemap-item-page page_item page-item-3911\"><a href=\"https:\/\/casasurantalya.com\/tr\/mesafeli-satis-sozlesmesi\/\">Mesafeli Sat\u0131\u015f S\u00f6zle\u015fmesi<\/a><\/li><li class=\"elementor-sitemap-item elementor-sitemap-item-page page_item page-item-5464\"><a href=\"https:\/\/casasurantalya.com\/tr\/hakkimizda\/surdurulebilir-politikalar\/\">S\u00fcrd\u00fcr\u00fclebilir Politikalar<\/a><\/li><li class=\"elementor-sitemap-item elementor-sitemap-item-page page_item page-item-1331\"><a href=\"https:\/\/casasurantalya.com\/tr\/\">Ana Sayfa<\/a><\/li><li class=\"elementor-sitemap-item elementor-sitemap-item-page page_item page-item-1334\"><a href=\"https:\/\/casasurantalya.com\/tr\/hakkimizda\/\">Hakk\u0131m\u0131zda<\/a><\/li><li class=\"elementor-sitemap-item elementor-sitemap-item-page page_item page-item-1381\"><a href=\"https:\/\/casasurantalya.com\/tr\/food-drink\/\">Cava Restoran<\/a><\/li><li class=\"elementor-sitemap-item elementor-sitemap-item-page page_item page-item-1367\"><a href=\"https:\/\/casasurantalya.com\/tr\/galeri\/\">Galeri<\/a><\/li><li class=\"elementor-sitemap-item elementor-sitemap-item-page page_item page-item-1333 current_page_parent\"><a href=\"https:\/\/casasurantalya.com\/tr\/blog\/\">Blog<\/a><\/li><li class=\"elementor-sitemap-item elementor-sitemap-item-page page_item page-item-1354\"><a href=\"https:\/\/casasurantalya.com\/tr\/iletisim\/\">\u0130leti\u015fim<\/a><\/li><\/ul><\/div><div class=\"elementor-sitemap-section\"><h2 class=\"elementor-sitemap-title elementor-sitemap-rooms-title\">Rooms<\/h2><ul class=\"elementor-sitemap-list elementor-sitemap-rooms-list\"><li class=\"elementor-sitemap-item elementor-sitemap-item-rooms page_item page-item-2251\"><a href=\"https:\/\/casasurantalya.com\/tr\/odalar\/rustica\/\">R\u00daSTICA<\/a><\/li><li class=\"elementor-sitemap-item elementor-sitemap-item-rooms page_item page-item-2233\"><a href=\"https:\/\/casasurantalya.com\/tr\/odalar\/natura\/\">Natura<\/a><\/li><li class=\"elementor-sitemap-item elementor-sitemap-item-rooms page_item page-item-1999\"><a href=\"https:\/\/casasurantalya.com\/tr\/odalar\/calida\/\">C\u00c1LIDA<\/a><\/li><li class=\"elementor-sitemap-item elementor-sitemap-item-rooms page_item page-item-1350\"><a href=\"https:\/\/casasurantalya.com\/tr\/odalar\/epica\/\">\u00c9PICA<\/a><\/li><li class=\"elementor-sitemap-item elementor-sitemap-item-rooms page_item page-item-1347\"><a href=\"https:\/\/casasurantalya.com\/tr\/odalar\/eclectica\/\">ECL\u00c9CTICA<\/a><\/li><li class=\"elementor-sitemap-item elementor-sitemap-item-rooms page_item page-item-1346\"><a href=\"https:\/\/casasurantalya.com\/tr\/odalar\/urbana\/\">Urbana<\/a><\/li><li class=\"elementor-sitemap-item elementor-sitemap-item-rooms page_item page-item-4167\"><a href=\"https:\/\/casasurantalya.com\/tr\/odalar\/arbol\/\">Arbol<\/a><\/li><li class=\"elementor-sitemap-item elementor-sitemap-item-rooms page_item page-item-4165\"><a href=\"https:\/\/casasurantalya.com\/tr\/odalar\/planta\/\">Planta<\/a><\/li><li class=\"elementor-sitemap-item elementor-sitemap-item-rooms page_item page-item-4164\"><a href=\"https:\/\/casasurantalya.com\/tr\/odalar\/mandarin\/\">mandar\u00edn<\/a><\/li><li class=\"elementor-sitemap-item elementor-sitemap-item-rooms page_item page-item-4162\"><a href=\"https:\/\/casasurantalya.com\/tr\/odalar\/4066\/\">VERDE<\/a><\/li><li class=\"elementor-sitemap-item elementor-sitemap-item-rooms page_item page-item-4159\"><a href=\"https:\/\/casasurantalya.com\/tr\/odalar\/tierra\/\">Tierra<\/a><\/li><li class=\"elementor-sitemap-item elementor-sitemap-item-rooms page_item page-item-4168\"><a href=\"https:\/\/casasurantalya.com\/tr\/odalar\/puerta\/\">Puerta<\/a><\/li><li class=\"elementor-sitemap-item elementor-sitemap-item-rooms page_item page-item-4169\"><a href=\"https:\/\/casasurantalya.com\/tr\/odalar\/arco\/\">Arco<\/a><\/li><li class=\"elementor-sitemap-item elementor-sitemap-item-rooms page_item page-item-4171\"><a href=\"https:\/\/casasurantalya.com\/tr\/odalar\/piedra\/\">Piedra<\/a><\/li><\/ul><\/div><div class=\"elementor-sitemap-section\"><h2 class=\"elementor-sitemap-title elementor-sitemap-events-title\">Events<\/h2><ul class=\"elementor-sitemap-list elementor-sitemap-events-list\"><li class=\"elementor-sitemap-item elementor-sitemap-item-events page_item page-item-1398\"><a href=\"https:\/\/casasurantalya.com\/tr\/etkinlikler\/marriage-proposal-anniversary-dinner\/\">Evlilik Teklifi ve Y\u0131l D\u00f6n\u00fcm\u00fc Yemekleri<\/a><\/li><li class=\"elementor-sitemap-item elementor-sitemap-item-events page_item page-item-1395\"><a href=\"https:\/\/casasurantalya.com\/tr\/etkinlikler\/birthdays-celebrations\/\">Do\u011fum G\u00fcnleri ve Kutlamalar<\/a><\/li><li class=\"elementor-sitemap-item elementor-sitemap-item-events page_item page-item-1390\"><a href=\"https:\/\/casasurantalya.com\/tr\/etkinlikler\/historical-authentic-weddings\/\">Ni\u015fan ve D\u00fc\u011f\u00fcnler<\/a><\/li><li class=\"elementor-sitemap-item elementor-sitemap-item-events page_item page-item-1386\"><a href=\"https:\/\/casasurantalya.com\/tr\/etkinlikler\/corporate-meetings\/\">\u015eirket Toplant\u0131lar\u0131<\/a><\/li><li class=\"elementor-sitemap-item elementor-sitemap-item-events page_item page-item-1402\"><a href=\"https:\/\/casasurantalya.com\/tr\/etkinlikler\/workshops-seminars\/\">At\u00f6lye ve Seminerler<\/a><\/li><li class=\"elementor-sitemap-item elementor-sitemap-item-events page_item page-item-1393\"><a href=\"https:\/\/casasurantalya.com\/tr\/etkinlikler\/music-art-events\/\">M\u00fczik ve Sanat Etkinlikleri<\/a><\/li><li class=\"elementor-sitemap-item elementor-sitemap-item-events page_item page-item-1392\"><a href=\"https:\/\/casasurantalya.com\/tr\/etkinlikler\/family-reunions\/\">Aile Bulu\u015fmalar\u0131<\/a><\/li><li class=\"elementor-sitemap-item elementor-sitemap-item-events page_item page-item-1389\"><a href=\"https:\/\/casasurantalya.com\/tr\/etkinlikler\/picnic-organizations\/\">Piknik Organizasyonlar\u0131<\/a><\/li><li class=\"elementor-sitemap-item elementor-sitemap-item-events page_item page-item-1404\"><a href=\"https:\/\/casasurantalya.com\/tr\/etkinlikler\/open-air-cinema-barbecue\/\">A\u00e7\u0131k Hava Sinemas\u0131 ve Barbek\u00fc<\/a><\/li><\/ul><\/div><\/div>\t\t\t\t<\/div>\n\t\t\t\t\t<\/div>\n\t\t<\/div>\n\t\t\t\t\t<\/div>\n\t\t<\/section>\n\t\t\t\t<\/div>\n\t\t","protected":false},"excerpt":{"rendered":"","protected":false},"author":1,"featured_media":1212,"parent":0,"menu_order":31,"comment_status":"closed","ping_status":"closed","template":"","meta":{"footnotes":""},"class_list":["post-1375","page","type-page","status-publish","has-post-thumbnail","hentry"],"yoast_head":"<!-- This site is optimized with the Yoast SEO plugin v27.4 - https:\/\/yoast.com\/product\/yoast-seo-wordpress\/ -->\n<title>Site Haritas\u0131 | Casa Sur Antalya<\/title>\n<meta name=\"robots\" content=\"index, follow, max-snippet:-1, max-image-preview:large, max-video-preview:-1\" \/>\n<link rel=\"canonical\" href=\"https:\/\/casasurantalya.com\/tr\/site-haritasi\/\" \/>\n<meta property=\"og:locale\" content=\"tr_TR\" \/>\n<meta property=\"og:type\" content=\"article\" \/>\n<meta property=\"og:title\" content=\"Site Haritas\u0131 | Casa Sur Antalya\" \/>\n<meta property=\"og:url\" content=\"https:\/\/casasurantalya.com\/tr\/site-haritasi\/\" \/>\n<meta property=\"og:site_name\" content=\"Casa Sur Antalya\" \/>\n<meta property=\"article:publisher\" content=\"https:\/\/www.facebook.com\/casasurantalya\/\" \/>\n<meta property=\"article:modified_time\" content=\"2021-01-24T15:26:01+00:00\" \/>\n<meta property=\"og:image\" content=\"https:\/\/casasurantalya.com\/wp-content\/uploads\/2021\/01\/casasur-winter-garden.jpg\" \/>\n\t<meta property=\"og:image:width\" content=\"1200\" \/>\n\t<meta property=\"og:image:height\" content=\"800\" \/>\n\t<meta property=\"og:image:type\" content=\"image\/jpeg\" \/>\n<meta name=\"twitter:card\" content=\"summary_large_image\" \/>\n<meta name=\"twitter:site\" content=\"@casasurantalya\" \/>\n<script type=\"application\/ld+json\" class=\"yoast-schema-graph\">{\"@context\":\"https:\\\/\\\/schema.org\",\"@graph\":[{\"@type\":\"WebPage\",\"@id\":\"https:\\\/\\\/casasurantalya.com\\\/tr\\\/site-haritasi\\\/\",\"url\":\"https:\\\/\\\/casasurantalya.com\\\/tr\\\/site-haritasi\\\/\",\"name\":\"Site Haritas\u0131 | Casa Sur Antalya\",\"isPartOf\":{\"@id\":\"https:\\\/\\\/casasurantalya.com\\\/tr\\\/#website\"},\"primaryImageOfPage\":{\"@id\":\"https:\\\/\\\/casasurantalya.com\\\/tr\\\/site-haritasi\\\/#primaryimage\"},\"image\":{\"@id\":\"https:\\\/\\\/casasurantalya.com\\\/tr\\\/site-haritasi\\\/#primaryimage\"},\"thumbnailUrl\":\"https:\\\/\\\/casasurantalya.com\\\/wp-content\\\/uploads\\\/2021\\\/01\\\/casasur-winter-garden.jpg\",\"datePublished\":\"2021-01-24T15:25:46+00:00\",\"dateModified\":\"2021-01-24T15:26:01+00:00\",\"breadcrumb\":{\"@id\":\"https:\\\/\\\/casasurantalya.com\\\/tr\\\/site-haritasi\\\/#breadcrumb\"},\"inLanguage\":\"tr\",\"potentialAction\":[{\"@type\":\"ReadAction\",\"target\":[\"https:\\\/\\\/casasurantalya.com\\\/tr\\\/site-haritasi\\\/\"]}]},{\"@type\":\"ImageObject\",\"inLanguage\":\"tr\",\"@id\":\"https:\\\/\\\/casasurantalya.com\\\/tr\\\/site-haritasi\\\/#primaryimage\",\"url\":\"https:\\\/\\\/casasurantalya.com\\\/wp-content\\\/uploads\\\/2021\\\/01\\\/casasur-winter-garden.jpg\",\"contentUrl\":\"https:\\\/\\\/casasurantalya.com\\\/wp-content\\\/uploads\\\/2021\\\/01\\\/casasur-winter-garden.jpg\",\"width\":1200,\"height\":800},{\"@type\":\"BreadcrumbList\",\"@id\":\"https:\\\/\\\/casasurantalya.com\\\/tr\\\/site-haritasi\\\/#breadcrumb\",\"itemListElement\":[{\"@type\":\"ListItem\",\"position\":1,\"name\":\"Ana Sayfa\",\"item\":\"https:\\\/\\\/casasurantalya.com\\\/tr\\\/ana-sayfa\\\/\"},{\"@type\":\"ListItem\",\"position\":2,\"name\":\"Site Haritas\u0131\"}]},{\"@type\":\"WebSite\",\"@id\":\"https:\\\/\\\/casasurantalya.com\\\/tr\\\/#website\",\"url\":\"https:\\\/\\\/casasurantalya.com\\\/tr\\\/\",\"name\":\"Casa Sur Antalya\",\"description\":\"Benzersiz Otel\",\"publisher\":{\"@id\":\"https:\\\/\\\/casasurantalya.com\\\/tr\\\/#organization\"},\"potentialAction\":[{\"@type\":\"SearchAction\",\"target\":{\"@type\":\"EntryPoint\",\"urlTemplate\":\"https:\\\/\\\/casasurantalya.com\\\/tr\\\/?s={search_term_string}\"},\"query-input\":{\"@type\":\"PropertyValueSpecification\",\"valueRequired\":true,\"valueName\":\"search_term_string\"}}],\"inLanguage\":\"tr\"},{\"@type\":\"Organization\",\"@id\":\"https:\\\/\\\/casasurantalya.com\\\/tr\\\/#organization\",\"name\":\"Casa Sur\",\"url\":\"https:\\\/\\\/casasurantalya.com\\\/tr\\\/\",\"logo\":{\"@type\":\"ImageObject\",\"inLanguage\":\"tr\",\"@id\":\"https:\\\/\\\/casasurantalya.com\\\/tr\\\/#\\\/schema\\\/logo\\\/image\\\/\",\"url\":\"https:\\\/\\\/casasurantalya.com\\\/wp-content\\\/uploads\\\/2021\\\/01\\\/casasur-logo.svg\",\"contentUrl\":\"https:\\\/\\\/casasurantalya.com\\\/wp-content\\\/uploads\\\/2021\\\/01\\\/casasur-logo.svg\",\"width\":1,\"height\":1,\"caption\":\"Casa Sur\"},\"image\":{\"@id\":\"https:\\\/\\\/casasurantalya.com\\\/tr\\\/#\\\/schema\\\/logo\\\/image\\\/\"},\"sameAs\":[\"https:\\\/\\\/www.facebook.com\\\/casasurantalya\\\/\",\"https:\\\/\\\/x.com\\\/casasurantalya\",\"https:\\\/\\\/www.instagram.com\\\/casasur__\\\/\",\"https:\\\/\\\/www.linkedin.com\\\/company\\\/casasur\",\"https:\\\/\\\/pinterest.com\\\/casasurantalya\\\/\"]}]}<\/script>\n<!-- \/ Yoast SEO plugin. -->","yoast_head_json":{"title":"Site Haritas\u0131 | Casa Sur Antalya","robots":{"index":"index","follow":"follow","max-snippet":"max-snippet:-1","max-image-preview":"max-image-preview:large","max-video-preview":"max-video-preview:-1"},"canonical":"https:\/\/casasurantalya.com\/tr\/site-haritasi\/","og_locale":"tr_TR","og_type":"article","og_title":"Site Haritas\u0131 | Casa Sur Antalya","og_url":"https:\/\/casasurantalya.com\/tr\/site-haritasi\/","og_site_name":"Casa Sur Antalya","article_publisher":"https:\/\/www.facebook.com\/casasurantalya\/","article_modified_time":"2021-01-24T15:26:01+00:00","og_image":[{"width":1200,"height":800,"url":"https:\/\/casasurantalya.com\/wp-content\/uploads\/2021\/01\/casasur-winter-garden.jpg","type":"image\/jpeg"}],"twitter_card":"summary_large_image","twitter_site":"@casasurantalya","schema":{"@context":"https:\/\/schema.org","@graph":[{"@type":"WebPage","@id":"https:\/\/casasurantalya.com\/tr\/site-haritasi\/","url":"https:\/\/casasurantalya.com\/tr\/site-haritasi\/","name":"Site Haritas\u0131 | Casa Sur Antalya","isPartOf":{"@id":"https:\/\/casasurantalya.com\/tr\/#website"},"primaryImageOfPage":{"@id":"https:\/\/casasurantalya.com\/tr\/site-haritasi\/#primaryimage"},"image":{"@id":"https:\/\/casasurantalya.com\/tr\/site-haritasi\/#primaryimage"},"thumbnailUrl":"https:\/\/casasurantalya.com\/wp-content\/uploads\/2021\/01\/casasur-winter-garden.jpg","datePublished":"2021-01-24T15:25:46+00:00","dateModified":"2021-01-24T15:26:01+00:00","breadcrumb":{"@id":"https:\/\/casasurantalya.com\/tr\/site-haritasi\/#breadcrumb"},"inLanguage":"tr","potentialAction":[{"@type":"ReadAction","target":["https:\/\/casasurantalya.com\/tr\/site-haritasi\/"]}]},{"@type":"ImageObject","inLanguage":"tr","@id":"https:\/\/casasurantalya.com\/tr\/site-haritasi\/#primaryimage","url":"https:\/\/casasurantalya.com\/wp-content\/uploads\/2021\/01\/casasur-winter-garden.jpg","contentUrl":"https:\/\/casasurantalya.com\/wp-content\/uploads\/2021\/01\/casasur-winter-garden.jpg","width":1200,"height":800},{"@type":"BreadcrumbList","@id":"https:\/\/casasurantalya.com\/tr\/site-haritasi\/#breadcrumb","itemListElement":[{"@type":"ListItem","position":1,"name":"Ana Sayfa","item":"https:\/\/casasurantalya.com\/tr\/ana-sayfa\/"},{"@type":"ListItem","position":2,"name":"Site Haritas\u0131"}]},{"@type":"WebSite","@id":"https:\/\/casasurantalya.com\/tr\/#website","url":"https:\/\/casasurantalya.com\/tr\/","name":"Casa Sur Antalya","description":"Benzersiz Otel","publisher":{"@id":"https:\/\/casasurantalya.com\/tr\/#organization"},"potentialAction":[{"@type":"SearchAction","target":{"@type":"EntryPoint","urlTemplate":"https:\/\/casasurantalya.com\/tr\/?s={search_term_string}"},"query-input":{"@type":"PropertyValueSpecification","valueRequired":true,"valueName":"search_term_string"}}],"inLanguage":"tr"},{"@type":"Organization","@id":"https:\/\/casasurantalya.com\/tr\/#organization","name":"Casa Sur","url":"https:\/\/casasurantalya.com\/tr\/","logo":{"@type":"ImageObject","inLanguage":"tr","@id":"https:\/\/casasurantalya.com\/tr\/#\/schema\/logo\/image\/","url":"https:\/\/casasurantalya.com\/wp-content\/uploads\/2021\/01\/casasur-logo.svg","contentUrl":"https:\/\/casasurantalya.com\/wp-content\/uploads\/2021\/01\/casasur-logo.svg","width":1,"height":1,"caption":"Casa Sur"},"image":{"@id":"https:\/\/casasurantalya.com\/tr\/#\/schema\/logo\/image\/"},"sameAs":["https:\/\/www.facebook.com\/casasurantalya\/","https:\/\/x.com\/casasurantalya","https:\/\/www.instagram.com\/casasur__\/","https:\/\/www.linkedin.com\/company\/casasur","https:\/\/pinterest.com\/casasurantalya\/"]}]}},"meta_box":[],"_links":{"self":[{"href":"https:\/\/casasurantalya.com\/tr\/wp-json\/wp\/v2\/pages\/1375","targetHints":{"allow":["GET"]}}],"collection":[{"href":"https:\/\/casasurantalya.com\/tr\/wp-json\/wp\/v2\/pages"}],"about":[{"href":"https:\/\/casasurantalya.com\/tr\/wp-json\/wp\/v2\/types\/page"}],"author":[{"embeddable":true,"href":"https:\/\/casasurantalya.com\/tr\/wp-json\/wp\/v2\/users\/1"}],"replies":[{"embeddable":true,"href":"https:\/\/casasurantalya.com\/tr\/wp-json\/wp\/v2\/comments?post=1375"}],"version-history":[{"count":0,"href":"https:\/\/casasurantalya.com\/tr\/wp-json\/wp\/v2\/pages\/1375\/revisions"}],"wp:featuredmedia":[{"embeddable":true,"href":"https:\/\/casasurantalya.com\/tr\/wp-json\/wp\/v2\/media\/1212"}],"wp:attachment":[{"href":"https:\/\/casasurantalya.com\/tr\/wp-json\/wp\/v2\/media?parent=1375"}],"curies":[{"name":"wp","href":"https:\/\/api.w.org\/{rel}","templated":true}]}}